{"id":3262,"date":"2015-09-18T09:48:28","date_gmt":"2015-09-18T09:48:28","guid":{"rendered":"http:\/\/test.loc\/?page_id=5"},"modified":"2025-07-10T12:36:02","modified_gmt":"2025-07-10T12:36:02","slug":"home-2","status":"publish","type":"page","link":"https:\/\/staging.degarage.nu\/","title":{"rendered":"Home"},"content":{"rendered":"\t\t<div data-elementor-type=\"wp-page\" data-elementor-id=\"3262\" class=\"elementor elementor-3262\" data-elementor-post-type=\"page\">\n\t\t\t\t\t\t<section class=\"elementor-section elementor-top-section elementor-element elementor-element-8a8cb78 elementor-section-boxed elementor-section-height-default elementor-section-height-default\" data-id=\"8a8cb78\" data-element_type=\"section\" data-settings=\"{&quot;background_background&quot;:&quot;slideshow&quot;,&quot;background_slideshow_gallery&quot;:[{&quot;id&quot;:90,&quot;url&quot;:&quot;https:\\\/\\\/staging.degarage.nu\\\/wp-content\\\/uploads\\\/2024\\\/10\\\/De_Garage_Sittard_141126-148.jpg&quot;}],&quot;background_slideshow_loop&quot;:&quot;yes&quot;,&quot;background_slideshow_slide_duration&quot;:5000,&quot;background_slideshow_slide_transition&quot;:&quot;fade&quot;,&quot;background_slideshow_transition_duration&quot;:500}\">\n\t\t\t\t\t\t<div class=\"elementor-container elementor-column-gap-default\">\n\t\t\t\t\t<div class=\"elementor-column elementor-col-100 elementor-top-column elementor-element elementor-element-1cee631\" data-id=\"1cee631\" data-element_type=\"column\">\n\t\t\t<div class=\"elementor-widget-wrap\">\n\t\t\t\t\t\t\t<\/div>\n\t\t<\/div>\n\t\t\t\t\t<\/div>\n\t\t<\/section>\n\t\t\t\t<section class=\"elementor-section elementor-top-section elementor-element elementor-element-de69cea elementor-section-boxed elementor-section-height-default elementor-section-height-default\" data-id=\"de69cea\" data-element_type=\"section\" data-settings=\"{&quot;background_background&quot;:&quot;classic&quot;}\">\n\t\t\t\t\t\t<div class=\"elementor-container elementor-column-gap-default\">\n\t\t\t\t\t<div class=\"elementor-column elementor-col-100 elementor-top-column elementor-element elementor-element-53d9e2e\" data-id=\"53d9e2e\" data-element_type=\"column\">\n\t\t\t<div class=\"elementor-widget-wrap elementor-element-populated\">\n\t\t\t\t\t\t<div class=\"elementor-element elementor-element-c780af1 elementor-widget elementor-widget-heading\" data-id=\"c780af1\" data-element_type=\"widget\" data-widget_type=\"heading.default\">\n\t\t\t\t<div class=\"elementor-widget-container\">\n\t\t\t\t\t<h3 class=\"elementor-heading-title elementor-size-default\">Belangrijke Mededeling: \n\nDe Garage per 1 juli 2025 gesloten<\/h3>\t\t\t\t<\/div>\n\t\t\t\t<\/div>\n\t\t\t\t<div class=\"elementor-element elementor-element-439de8d elementor-widget elementor-widget-text-editor\" data-id=\"439de8d\" data-element_type=\"widget\" data-widget_type=\"text-editor.default\">\n\t\t\t\t<div class=\"elementor-widget-container\">\n\t\t\t\t\t\t\t\t\t<p data-start=\"215\" data-end=\"330\">Graag informeren wij u over een belangrijke wijziging:<br \/><br data-start=\"269\" data-end=\"272\" \/><strong data-start=\"272\" data-end=\"330\">per 1 juli 2025 stopt De Garage met haar activiteiten.<\/strong><\/p><p data-start=\"332\" data-end=\"604\">Na jaren van trouwe service en fijne klantrelaties hebben wij dit moeilijke besluit moeten nemen. Snelle marktveranderingen, stijgende kosten en een nieuwe bestemming voor onze locatie maken het voor ons helaas niet langer mogelijk om op de vertrouwde manier door te gaan.<\/p>\t\t\t\t\t\t\t\t<\/div>\n\t\t\t\t<\/div>\n\t\t\t\t<div class=\"elementor-element elementor-element-0ebc888 elementor-widget elementor-widget-heading\" data-id=\"0ebc888\" data-element_type=\"widget\" data-widget_type=\"heading.default\">\n\t\t\t\t<div class=\"elementor-widget-container\">\n\t\t\t\t\t<h3 class=\"elementor-heading-title elementor-size-default\">Wat betekent dit voor u als klant?<\/h3>\t\t\t\t<\/div>\n\t\t\t\t<\/div>\n\t\t\t\t<div class=\"elementor-element elementor-element-019f213 elementor-widget elementor-widget-text-editor\" data-id=\"019f213\" data-element_type=\"widget\" data-widget_type=\"text-editor.default\">\n\t\t\t\t<div class=\"elementor-widget-container\">\n\t\t\t\t\t\t\t\t\t<p data-start=\"655\" data-end=\"901\">\u00a0<\/p><p data-start=\"655\" data-end=\"901\">We begrijpen dat u vragen kunt hebben over uw auto, garantie of toekomstig onderhoud. Daarom begeleiden wij u graag naar een passende oplossing. Hieronder leest u wat dit voor u betekent:<\/p><p data-start=\"910\" data-end=\"980\"><strong>U rijdt in een auto van een merk buiten de Volkswagen Group<\/strong><\/p><p data-start=\"981\" data-end=\"1032\">(bijvoorbeeld g\u00e9\u00e9n Volkswagen, Audi, SEAT of \u0160koda)<\/p><p data-start=\"1034\" data-end=\"1111\">Voor reclamaties en garantieafhandeling vanaf 1 juli 2025 kunt u terecht bij:<\/p><p data-start=\"1113\" data-end=\"1256\"><strong data-start=\"1113\" data-end=\"1142\">Cardon &amp; Verwijlen \u2013 Echt<\/strong><br data-start=\"1142\" data-end=\"1145\" \/>\ud83d\udccd Sint Janskamp 4<br data-start=\"1163\" data-end=\"1166\" \/>\ud83d\udcde 0475 464 585<br data-start=\"1181\" data-end=\"1184\" \/>\u2709\ufe0f <a class=\"cursor-pointer\" rel=\"noopener\" data-start=\"1187\" data-end=\"1205\">info@cardonauto.nl<\/a><br data-start=\"1205\" data-end=\"1208\" \/>\ud83c\udf10 <a class=\"\" href=\"http:\/\/www.cardonauto.nl\" target=\"_new\" rel=\"noopener\" data-start=\"1211\" data-end=\"1256\">www.cardonauto.nl<\/a><\/p><p data-start=\"1258\" data-end=\"1450\">Cardon &amp; Verwijlen is een ervaren servicepartner in de regio met dezelfde klantgerichte mentaliteit die u van ons gewend bent. Zij kennen uw merk en nemen de garantievoorwaarden volledig over.<\/p><p data-start=\"1457\" data-end=\"1527\"><strong>U rijdt in een auto van een merk binnen de Volkswagen Group<\/strong><\/p><p data-start=\"1528\" data-end=\"1562\">(VOLKSWAGEN \u2013 AUDI \u2013 SEAT \u2013 \u0160KODA)<\/p><p data-start=\"1564\" data-end=\"1677\">Goed nieuws: voor alle onderhoudsbeurten, reparaties \u00e9n garantieafhandeling kunt u vanaf 1 juli 2025 terecht bij:<\/p><p data-start=\"1679\" data-end=\"1796\"><strong data-start=\"1679\" data-end=\"1697\">Wealer Sittard<\/strong><br data-start=\"1697\" data-end=\"1700\" \/>\ud83d\udccd Bergerweg 67<br data-start=\"1715\" data-end=\"1718\" \/>\ud83d\udcde 088 567 7000<br data-start=\"1733\" data-end=\"1736\" \/>\u2709\ufe0f <a class=\"cursor-pointer\" rel=\"noopener\" data-start=\"1739\" data-end=\"1753\">info@wealer.nl<\/a><br data-start=\"1753\" data-end=\"1756\" \/>\ud83c\udf10 <a class=\"\" href=\"http:\/\/www.wealer.nl\" target=\"_new\" rel=\"noopener\" data-start=\"1759\" data-end=\"1796\">www.wealer.nl<\/a><\/p><p data-start=\"1798\" data-end=\"2022\">Wealer is officieel dealer en servicepartner voor de VAG-merken. Ze beschikken over de juiste apparatuur, originele onderdelen en opgeleid personeel. U bent dus verzekerd van de kwaliteit die u van ons gewend bent \u2013 en meer.<\/p><h3 data-start=\"2574\" data-end=\"2608\"><strong>Bedankt voor uw vertrouwen<\/strong><\/h3><p data-start=\"2610\" data-end=\"2763\">Namens het hele team van De Garage:<br data-start=\"2645\" data-end=\"2648\" \/><strong data-start=\"2648\" data-end=\"2705\">dank u wel voor het vertrouwen in de afgelopen jaren.<\/strong><br data-start=\"2705\" data-end=\"2708\" \/>Het was ons een genoegen om u van dienst te mogen zijn.<\/p><p data-start=\"2765\" data-end=\"2811\"><strong data-start=\"2765\" data-end=\"2792\">Met vriendelijke groet,<\/strong><br data-start=\"2792\" data-end=\"2795\" \/><em data-start=\"2795\" data-end=\"2811\">Team De Garage<\/em><\/p>\t\t\t\t\t\t\t\t<\/div>\n\t\t\t\t<\/div>\n\t\t\t\t\t<\/div>\n\t\t<\/div>\n\t\t\t\t\t<\/div>\n\t\t<\/section>\n\t\t\t\t<\/div>\n\t\t","protected":false},"excerpt":{"rendered":"<p>Belangrijke Mededeling: De Garage per 1 juli 2025 gesloten Graag informeren wij u over een belangrijke wijziging:per 1 juli 2025 stopt De Garage met haar activiteiten. Na jaren van trouwe service en fijne klantrelaties hebben wij dit moeilijke besluit moeten nemen. Snelle marktveranderingen, stijgende kosten en een nieuwe bestemming voor onze locatie maken het voor&#8230;<\/p>\n","protected":false},"author":1,"featured_media":0,"parent":0,"menu_order":0,"comment_status":"closed","ping_status":"closed","template":"","meta":{"footnotes":""},"class_list":["post-3262","page","type-page","status-publish","hentry"],"yoast_head":"<!-- This site is optimized with the Yoast SEO plugin v23.3 - https:\/\/yoast.com\/wordpress\/plugins\/seo\/ -->\n<title>Motors - Car Dealer, Listing Wordpress Theme<\/title>\n<meta name=\"robots\" content=\"noindex, follow, max-snippet:-1, max-image-preview:large, max-video-preview:-1\" \/>\n<meta property=\"og:locale\" content=\"nl_NL\" \/>\n<meta property=\"og:type\" content=\"article\" \/>\n<meta property=\"og:title\" content=\"Motors - Car Dealer, Listing Wordpress Theme\" \/>\n<meta property=\"og:description\" content=\"Belangrijke Mededeling: De Garage per 1 juli 2025 gesloten Graag informeren wij u over een belangrijke wijziging:per 1 juli 2025 stopt De Garage met haar activiteiten. Na jaren van trouwe service en fijne klantrelaties hebben wij dit moeilijke besluit moeten nemen. Snelle marktveranderingen, stijgende kosten en een nieuwe bestemming voor onze locatie maken het voor...\" \/>\n<meta property=\"og:url\" content=\"https:\/\/staging.degarage.nu\/\" \/>\n<meta property=\"og:site_name\" content=\"De Garage\" \/>\n<meta property=\"article:modified_time\" content=\"2025-07-10T12:36:02+00:00\" \/>\n<meta name=\"twitter:card\" content=\"summary_large_image\" \/>\n<meta name=\"twitter:label1\" content=\"Geschatte leestijd\" \/>\n\t<meta name=\"twitter:data1\" content=\"2 minuten\" \/>\n<script type=\"application\/ld+json\" class=\"yoast-schema-graph\">{\"@context\":\"https:\/\/schema.org\",\"@graph\":[{\"@type\":\"WebPage\",\"@id\":\"https:\/\/staging.degarage.nu\/\",\"url\":\"https:\/\/staging.degarage.nu\/\",\"name\":\"Motors - Car Dealer, Listing Wordpress Theme\",\"isPartOf\":{\"@id\":\"https:\/\/staging.degarage.nu\/#website\"},\"datePublished\":\"2015-09-18T09:48:28+00:00\",\"dateModified\":\"2025-07-10T12:36:02+00:00\",\"breadcrumb\":{\"@id\":\"https:\/\/staging.degarage.nu\/#breadcrumb\"},\"inLanguage\":\"nl-NL\",\"potentialAction\":[{\"@type\":\"ReadAction\",\"target\":[\"https:\/\/staging.degarage.nu\/\"]}]},{\"@type\":\"BreadcrumbList\",\"@id\":\"https:\/\/staging.degarage.nu\/#breadcrumb\",\"itemListElement\":[{\"@type\":\"ListItem\",\"position\":1,\"name\":\"Home\",\"item\":\"https:\/\/staging.degarage.nu\/\"},{\"@type\":\"ListItem\",\"position\":2,\"name\":\"Home\"}]},{\"@type\":\"WebSite\",\"@id\":\"https:\/\/staging.degarage.nu\/#website\",\"url\":\"https:\/\/staging.degarage.nu\/\",\"name\":\"De Garage\",\"description\":\"\",\"potentialAction\":[{\"@type\":\"SearchAction\",\"target\":{\"@type\":\"EntryPoint\",\"urlTemplate\":\"https:\/\/staging.degarage.nu\/?s={search_term_string}\"},\"query-input\":\"required name=search_term_string\"}],\"inLanguage\":\"nl-NL\"}]}<\/script>\n<!-- \/ Yoast SEO plugin. -->","yoast_head_json":{"title":"Motors - Car Dealer, Listing Wordpress Theme","robots":{"index":"noindex","follow":"follow","max-snippet":"max-snippet:-1","max-image-preview":"max-image-preview:large","max-video-preview":"max-video-preview:-1"},"og_locale":"nl_NL","og_type":"article","og_title":"Motors - Car Dealer, Listing Wordpress Theme","og_description":"Belangrijke Mededeling: De Garage per 1 juli 2025 gesloten Graag informeren wij u over een belangrijke wijziging:per 1 juli 2025 stopt De Garage met haar activiteiten. Na jaren van trouwe service en fijne klantrelaties hebben wij dit moeilijke besluit moeten nemen. Snelle marktveranderingen, stijgende kosten en een nieuwe bestemming voor onze locatie maken het voor...","og_url":"https:\/\/staging.degarage.nu\/","og_site_name":"De Garage","article_modified_time":"2025-07-10T12:36:02+00:00","twitter_card":"summary_large_image","twitter_misc":{"Geschatte leestijd":"2 minuten"},"schema":{"@context":"https:\/\/schema.org","@graph":[{"@type":"WebPage","@id":"https:\/\/staging.degarage.nu\/","url":"https:\/\/staging.degarage.nu\/","name":"Motors - Car Dealer, Listing Wordpress Theme","isPartOf":{"@id":"https:\/\/staging.degarage.nu\/#website"},"datePublished":"2015-09-18T09:48:28+00:00","dateModified":"2025-07-10T12:36:02+00:00","breadcrumb":{"@id":"https:\/\/staging.degarage.nu\/#breadcrumb"},"inLanguage":"nl-NL","potentialAction":[{"@type":"ReadAction","target":["https:\/\/staging.degarage.nu\/"]}]},{"@type":"BreadcrumbList","@id":"https:\/\/staging.degarage.nu\/#breadcrumb","itemListElement":[{"@type":"ListItem","position":1,"name":"Home","item":"https:\/\/staging.degarage.nu\/"},{"@type":"ListItem","position":2,"name":"Home"}]},{"@type":"WebSite","@id":"https:\/\/staging.degarage.nu\/#website","url":"https:\/\/staging.degarage.nu\/","name":"De Garage","description":"","potentialAction":[{"@type":"SearchAction","target":{"@type":"EntryPoint","urlTemplate":"https:\/\/staging.degarage.nu\/?s={search_term_string}"},"query-input":"required name=search_term_string"}],"inLanguage":"nl-NL"}]}},"_links":{"self":[{"href":"https:\/\/staging.degarage.nu\/index.php?rest_route=\/wp\/v2\/pages\/3262","targetHints":{"allow":["GET"]}}],"collection":[{"href":"https:\/\/staging.degarage.nu\/index.php?rest_route=\/wp\/v2\/pages"}],"about":[{"href":"https:\/\/staging.degarage.nu\/index.php?rest_route=\/wp\/v2\/types\/page"}],"author":[{"embeddable":true,"href":"https:\/\/staging.degarage.nu\/index.php?rest_route=\/wp\/v2\/users\/1"}],"replies":[{"embeddable":true,"href":"https:\/\/staging.degarage.nu\/index.php?rest_route=%2Fwp%2Fv2%2Fcomments&post=3262"}],"version-history":[{"count":30,"href":"https:\/\/staging.degarage.nu\/index.php?rest_route=\/wp\/v2\/pages\/3262\/revisions"}],"predecessor-version":[{"id":3618,"href":"https:\/\/staging.degarage.nu\/index.php?rest_route=\/wp\/v2\/pages\/3262\/revisions\/3618"}],"wp:attachment":[{"href":"https:\/\/staging.degarage.nu\/index.php?rest_route=%2Fwp%2Fv2%2Fmedia&parent=3262"}],"curies":[{"name":"wp","href":"https:\/\/api.w.org\/{rel}","templated":true}]}}